{"id":5518,"date":"2022-03-30T10:43:48","date_gmt":"2022-03-30T10:43:48","guid":{"rendered":"http:\/\/tinfinity.it\/?page_id=5518"},"modified":"2022-03-30T10:45:22","modified_gmt":"2022-03-30T10:45:22","slug":"cookie-italiano","status":"publish","type":"page","link":"https:\/\/tinfinity.it\/index.php\/cookie-italiano\/","title":{"rendered":"cookie italiano"},"content":{"rendered":"\n<h1>Uso dei cookies tinfinity.it<\/h1>\n\n\n\n<p>Il \u201csito\u201d (tinfinity.it) usa cookies per rendere il servizio semplice ed efficiente agli utenti che visitano le pagine di tinfinity.it.\u00a0Gli utenti che visualizzano il sito, riempiranno le quantit\u00e0 minime delle informazioni nei dispositivi, che sono i computer e dispositivi mobili, in piccoli file di testo chiamati \u201ccookies\u201d memorizzati nelle directory utilizzate da<br>l\u2019utente Web Browser.<\/p>\n\n\n\n<p>Ci sono diversi tipi di cookie, un po \u2018per fare un uso pi\u00f9 efficace del Sito, altri per abilitare determinate funzionalit\u00e0.<\/p>\n\n\n\n<p>Analizzando in dettaglio i nostri cookie consentono di:<\/p>\n\n\n\n<p>memorizzare le preferenze inclusi; evitare di rientrare le stesse informazioni pi\u00f9 volte nel corso della visita, come nome utente e password; analizzare l\u2019utilizzo dei servizi e dei contenuti forniti\u00a0da tinfinity.it per ottimizzare la browsingexperience e servizi offerti.<\/p>\n\n\n\n<h2>Tipi di cookies<\/h2>\n\n\n\n<p><strong>tecnici Cookie<\/strong><\/p>\n\n\n\n<p>Questo tipo di cookie consente il corretto funzionamento di alcuni<br>sezioni del sito. Ci sono due categorie: persistente e di sessione.<\/p>\n\n\n\n<p><strong>Persistenti:<\/strong>&nbsp;una volta chiusa il browser non sono distrutti, ma rimangono fino a una data di scadenza preimpostata<\/p>\n\n\n\n<p><strong>Sessione:<\/strong>&nbsp;essi vengono distrutti ogni volta che il browser viene chiuso.<\/p>\n\n\n\n<p>Questi coockie, sempre inviati dal nostro dominio, sono tenuti a vedere<br>il sito e in relazione ai servizi tecnici offerti, ci saranno<br>sempre, usati e poi inviati a meno che l\u2019utente non modifica la<br>impostazioni del browser (influenzando cos\u00ec la visualizzazione delle pagine del sito).<\/p>\n\n\n\n<p><strong>Analytical cookies<\/strong><\/p>\n\n\n\n<p>I cookie di questa categoria vengono utilizzati per raccogliere informazioni su<br>il sito. tinfinity.it utilizzer\u00e0 queste informazioni in materia di<br>analisi statistiche anonime per migliorare l\u2019utilizzo del Sito e di<br>rendere il contenuto pi\u00f9 interessante e rilevante per i desideri degli utenti.<br>Questo tipo di cookie raccoglie dati anonimi sulle attivit\u00e0 degli utenti e<br>come \u00e8 arrivata sul Sito. I cookie di analisi vengono inviati dalla stessa<br>sito o da domini di terze parti.<\/p>\n\n\n\n<p><strong>Cookie analysis di terze parti<\/strong><\/p>\n\n\n\n<p>Questi cookie vengono utilizzati per raccogliere informazioni sull\u2019uso del<br>Sito dagli utenti in forma anonima, come pagine viste, tempo trascorso, il traffico<br>fonti di origine, provenienza geografica, et\u00e0, sesso e gli interessi per la<br>fini di campagne di marketing. Questi cookie sono inviati da<br>di terze parti domini esterni al sito.<\/p>\n\n\n\n<p><strong>Cookies per integrare funzioni e software di terze parti<\/strong><\/p>\n\n\n\n<p>Questo tipo di cookie incorpora funzionalit\u00e0 sviluppate da terze<br>partiti all\u2019interno delle pagine del sito come icone e le preferenze espresse<br>in social network per condividere i contenuti del sito o per la<br>uso dei servizi, software di terze parti (come il software generare mappe<br>e software aggiuntivi che offrono servizi aggiuntivi). questi cookies<br>vengono inviati dai domini di terze parti e siti partner che offrono i loro<br>funzionalit\u00e0 nelle pagine del sito.<\/p>\n\n\n\n<p><strong>Profilo Cookies<\/strong><\/p>\n\n\n\n<p>Quei coockie sono necessari per creare profili utente al fine di inviare<br>messaggi pubblicitari in linea con le preferenze espresse dall\u2019utente<br>all\u2019interno delle pagine del sito.<\/p>\n\n\n\n<p>tinfinity.it, secondo la normativa vigente, non \u00e8<br>tenute a chiedere il consenso per i coockie e analisi tecniche, come<br>necessaria per fornire i servizi richiesti.<\/p>\n\n\n\n<p>Per tutti gli altri tipi di cookie consenso si pu\u00f2 essere espressa da parte dell\u2019utente con una o pi\u00f9 delle seguenti modalit\u00e0:<\/p>\n\n\n\n<p>Con configurazioni specifiche del browser o suoi programmi utilizzati per navigare pagine che compongono il sito.<\/p>\n\n\n\n<p>Modificando le impostazioni nell\u2019uso dei servizi di terze parti<\/p>\n\n\n\n<p>Entrambe queste soluzioni potrebbe impedirvi di utilizzare o visualizzare parti del Sito.<br><strong>Web sites e servizi di terze parti<\/strong><\/p>\n\n\n\n<p>Il Sito pu\u00f2 contenere dei link ad altri siti Web che hanno la propria<br>politica sulla privacy che pu\u00f2 essere diverso da quello adottato da<br>tinfinity.it e quindi non responsabile per questi siti.<\/p>\n\n\n\n<h3>Cookie lista<\/h3>\n\n\n\n<figure class=\"wp-block-table\"><table><thead><tr><th>Cookie<\/th><th>Permanenti cookie<\/th><th>Sessione cookie<\/th><\/tr><\/thead><tbody><tr><td><code>pll_language<\/code><\/td><td><\/td><td><code>Session cookie<\/code><\/td><\/tr><tr><td><code>_gat<\/code><\/td><td><\/td><td><code>Session cookie<\/code><\/td><\/tr><tr><td><code>_ga<\/code><\/td><td><code>Permanent cookie<\/code><\/td><td><\/td><\/tr><tr><td><code>_gid<\/code><\/td><td><\/td><td><code>Session cookie<\/code><\/td><\/tr><tr><td><code>cookie_notice_accepted<\/code><\/td><td><code>Permanent cookie<\/code><\/td><td><\/td><\/tr><\/tbody><\/table><\/figure>\n\n\n\n<p>ultimo aggiornamento, 20 Gennaio 2019<\/p>\n\n\n\n<h3>Cookie informazioni<\/h3>\n\n\n\n<h4>_gat<\/h4>\n\n\n\n<p>il&nbsp;coockie _gat \u00e8 parte del servizio di monitoraggio e di analisi di Google<br>Analytics. Si tratta di un cookie che scade dopo 10 minuti dopo la<br>creazione o l\u2019aggiornamento. Viene utilizzato per bloccare il numero di<br>le richieste di script di analisi, al fine di prendere in considerazione solo il<br>visite degli utenti.<\/p>\n\n\n\n<p><a href=\"https:\/\/developers.google.com\/analytics\/devguides\/collection\/analyticsjs\/cookie-usage\" target=\"_blank\" rel=\"noreferrer noopener\">developers.google.com \u203a cookie-usage<\/a><\/p>\n\n\n\n<h4>_ga<\/h4>\n\n\n\n<p>il coockie _ga \u00e8 parte del servizio di monitoraggio e di analisi di Google<br>Analytics. Si tratta di un cookie che scade dopo 14 mesi dopo la<br>creazione o l\u2019aggiornamento. Viene utilizzato per distinguere la<br>utenti.<\/p>\n\n\n\n<p><a href=\"https:\/\/developers.google.com\/analytics\/devguides\/collection\/analyticsjs\/cookie-usage\" target=\"_blank\" rel=\"noreferrer noopener\">developers.google.com \u203a cookie-usage<\/a><\/p>\n\n\n\n<h4>_gid<\/h4>\n\n\n\n<p>Questo cookie \u00e8 utilizzato per immagazzinare informazioni sul ID di sessionee per raggruppare l\u2019intera attivit\u00e0 svolta nella sessione per ogni utente, La sua struttura e valore \u00e8 simile al cookie _ga.<\/p>\n\n\n\n<p><a href=\"https:\/\/developers.google.com\/analytics\/devguides\/collection\/analyticsjs\/cookie-usage\" target=\"_blank\" rel=\"noreferrer noopener\">developers.google.com \u203a cookie-usage<\/a><\/p>\n\n\n\n<h4><code>cookie_notice_accepted<\/code><\/h4>\n\n\n\n<p>\u00e8 il cookie che si ricorda che avete accettato i cookie.&nbsp;Si tratta di un cookie che scade 30 giorni dopo la<br>creazione o l\u2019aggiornamento.<\/p>\n\n\n\n<h2>Come disabilitare i cookies attraverso il browser<\/h2>\n\n\n\n<p>Se si desidera esplorare i modi in cui il browser memorizza i cookie di<br>navigazione nei vari browser ed eventualmente disabilitarli, segui questi link sui siti web del<br>rispettivi fornitori.<\/p>\n\n\n\n<figure class=\"wp-block-table\"><table><tbody><tr><td><a href=\"https:\/\/support.mozilla.org\/it%20\/%20kb%20\/%20Manage%20Cookies\">Mozilla Firefox<\/a><\/td><td>https:\/\/support.mozilla.org\/it\/kb\/Gestione cookie<\/td><\/tr><tr><td><a href=\"https:\/\/support.google.com\/chrome\/answer\/95647?hl=it\" target=\"_blank\" rel=\"noreferrer noopener\">Google Chrome<\/a><\/td><td>https:\/\/support.google.com\/chrome\/answer\/95647?hl=it<\/td><\/tr><tr><td><a href=\"http:\/\/windows.microsoft.com\/it%20en%20\/%20windows-vista%20\/%20block-or-allow-cookies\">Internet Explorer<\/a><\/td><td>http:\/\/windows.microsoft.com\/it-it\/windows-vista\/block-or-allow-cookies<\/td><\/tr><tr><td><a href=\"https:\/\/support.apple.com\/kb\/PH17191?viewlocale=it_IT&amp;locale=en_US\">Safari 7.6 Mavericks<\/a><\/td><td>https:\/\/support.apple.com\/kb\/PH17191?viewlocale=it_IT&amp;locale=it_IT<\/td><\/tr><tr><td><a href=\"https:\/\/support.apple.com\/kb\/PH19214?viewlocale=it_IT&amp;locale=en_US\">Safari 8 Yosemite<\/a><\/td><td>https:\/\/support.apple.com\/kb\/PH19214?viewlocale=it_IT&amp;locale=it_IT<\/td><\/tr><tr><td><a href=\"https:\/\/support.apple.com\/it-it\/HT201265\">Safari on iPhone, iPad, or iPod touch<\/a><\/td><td>https: \/\/ support .apple.com \/ en-us \/ HT201265<\/td><\/tr><\/tbody><\/table><\/figure>\n","protected":false},"excerpt":{"rendered":"<p>Uso dei cookies tinfinity.it Il \u201csito\u201d (tinfinity.it) usa cookies per rendere il servizio semplice ed efficiente agli utenti che visitano le pagine di tinfinity.it.\u00a0Gli utenti che visualizzano il sito, riempiranno le quantit\u00e0 minime delle informazioni nei dispositivi, che sono i computer e dispositivi mobili, in piccoli file di testo chiamati \u201ccookies\u201d memorizzati nelle directory utilizzate &hellip;<\/p>\n<p class=\"read-more\"> <a class=\"\" href=\"https:\/\/tinfinity.it\/index.php\/cookie-italiano\/\"> <span class=\"screen-reader-text\">cookie italiano<\/span> Read More &raquo;<\/a><\/p>\n","protected":false},"author":1,"featured_media":0,"parent":0,"menu_order":0,"comment_status":"closed","ping_status":"closed","template":"","meta":{"site-sidebar-layout":"default","site-content-layout":"default","ast-main-header-display":"","ast-hfb-above-header-display":"","ast-hfb-below-header-display":"","ast-hfb-mobile-header-display":"","site-post-title":"","ast-breadcrumbs-content":"","ast-featured-img":"","footer-sml-layout":"","theme-transparent-header-meta":"","adv-header-id-meta":"","stick-header-meta":"","header-above-stick-meta":"","header-main-stick-meta":"","header-below-stick-meta":""},"_links":{"self":[{"href":"https:\/\/tinfinity.it\/index.php\/wp-json\/wp\/v2\/pages\/5518"}],"collection":[{"href":"https:\/\/tinfinity.it\/index.php\/wp-json\/wp\/v2\/pages"}],"about":[{"href":"https:\/\/tinfinity.it\/index.php\/wp-json\/wp\/v2\/types\/page"}],"author":[{"embeddable":true,"href":"https:\/\/tinfinity.it\/index.php\/wp-json\/wp\/v2\/users\/1"}],"replies":[{"embeddable":true,"href":"https:\/\/tinfinity.it\/index.php\/wp-json\/wp\/v2\/comments?post=5518"}],"version-history":[{"count":2,"href":"https:\/\/tinfinity.it\/index.php\/wp-json\/wp\/v2\/pages\/5518\/revisions"}],"predecessor-version":[{"id":5521,"href":"https:\/\/tinfinity.it\/index.php\/wp-json\/wp\/v2\/pages\/5518\/revisions\/5521"}],"wp:attachment":[{"href":"https:\/\/tinfinity.it\/index.php\/wp-json\/wp\/v2\/media?parent=5518"}],"curies":[{"name":"wp","href":"https:\/\/api.w.org\/{rel}","templated":true}]}}