{"id":5502,"date":"2022-03-30T10:24:23","date_gmt":"2022-03-30T10:24:23","guid":{"rendered":"http:\/\/tinfinity.it\/?page_id=5502"},"modified":"2022-03-30T10:34:36","modified_gmt":"2022-03-30T10:34:36","slug":"privacy-italiano","status":"publish","type":"page","link":"https:\/\/tinfinity.it\/index.php\/privacy-italiano\/","title":{"rendered":"Privacy Italiano"},"content":{"rendered":"\n<h1>Privacy policy<\/h1>\n\n\n\n<ol><li><strong>Introduzione<\/strong><br>1.1 Ci impegniamo a salvaguardare la privacy di tinfinity.it.<br>1.2 La presente politica si applica laddove operiamo come responsabili del trattamento dei dati rispetto ai dati personali di www.tinfinity.it; in altre parole, dove determiniamo gli scopi e i mezzi del trattamento di tali dati personali.<br>1.3 Utilizziamo i cookie sul nostro sito web. Nella misura in cui tali cookie non sono strettamente necessari per la fornitura di www.tinfinity.it, ti chiederemo di acconsentire al nostro uso dei cookie quando visiterai per la prima volta il nostro sito web.<br>1.4 In questa policy, \u201cnoi\u201d e \u201cnostro\u201d si riferiscono a tinfinity.it.<\/li><li><strong>Come utilizziamo i tuoi dati personali<\/strong><br>2.1 I tuoi dati saranno raccolti in modo anonimo, e potranno essere usati per:<br>(a) Imposta la lingua;<br>(b) Scopo analitico;<br>2.2 Possiamo trattare i dati relativi all\u2019utilizzo del nostro sito Web (\u201cdati di utilizzo\u201d). I dati di utilizzo possono includere l\u2019indirizzo IP, la posizione geografica, il tipo e la versione del browser, il sistema operativo, la fonte di riferimento, la durata della visita, le visualizzazioni di pagina e i percorsi di navigazione del sito web, nonch\u00e9 informazioni sui tempi, la frequenza e il modello del servizio utilizzato. La fonte dei dati di utilizzo \u00e8 il nostro sistema di tracciamento analitico. Questi dati di utilizzo possono essere trattati allo scopo di analizzare l\u2019utilizzo del sito Web e dei servizi. La base legale per questo trattamento \u00e8 il monitoraggio e il miglioramento del nostro sito Web e dei nostri servizi.<br>2.3 Oltre agli scopi specifici per i quali possiamo trattare i dati personali indicati in questa Sezione 3, possiamo anche elaborare i dati anonimi di Analytics laddove tale trattamento sia necessario al fine di proteggere i tuoi interessi vitali o gli interessi vitali di un\u2019altra persona fisica.<br>2.4 Vi preghiamo di non fornirci i dati personali di altre persone, a meno che non vi chiediamo di farlo.<br>2. Fornire il vostro per<\/li><\/ol>\n\n\n\n<ol start=\"3\"><li><strong>Fornire i tuoi dati personali ad altri<\/strong>3.1 Possiamo divulgare i tuoi dati personali laddove tale divulgazione sia necessaria per adempiere a un obbligo legale a cui siamo soggetti, o al fine di proteggere i tuoi interessi vitali o gli interessi vitali di un\u2019altra persona fisica.<br>3.2 Possiamo anche divulgare i vostri dati personali laddove tale divulgazione sia necessaria per l\u2019istituzione, l\u2019esercizio o la difesa di richieste legali, sia in procedimenti giudiziari sia in una procedura amministrativa o extragiudiziale.<\/li><li><strong>Trasferimenti internazionali dei tuoi dati personali<\/strong><br>4.1 In questa Sezione 4, forniamo informazioni sulle circostanze in cui i dati personali possono essere trasferiti negli Stati Uniti.<br>4.2 Abbiamo uffici in Italia. La Commissione europea ha adottato una \u201cdecisione di adeguatezza\u201d in merito alle leggi sulla protezione dei dati in Italia.<br>4.3 Le strutture di hosting per il nostro sito Web sono situate negli Stati Uniti. I trasferimenti saranno protetti da adeguate salvaguardie<br>4.4 L\u2019utente riconosce che i dati personali inviati tramite il nostro sito Web potrebbero essere disponibili, tramite Internet, in tutto il mondo. Non possiamo impedire l\u2019uso di tali dati personali da parte di terzi.<\/li><li><strong>Conservazione ed eliminazione dei dati personali<\/strong><br>5.1 La presente Sezione 5 definisce le nostre politiche e procedure di conservazione dei dati, che sono progettate per contribuire a garantire il rispetto dei nostri obblighi legali in relazione alla conservazione e alla cancellazione dei dati personali.<br>5.2 I dati personali che elaboriamo per qualsiasi scopo o finalit\u00e0 non saranno conservati per un periodo superiore a quello necessario per tale scopo o per tali scopi.<br>5.3 Conserveremo i tuoi dati personali come segue:<br>(a) Cookie I dati funzionali verranno conservati per un periodo minimo di 6 ore e per un periodo massimo di 14 mesi.<br>5.4 Nonostante le altre disposizioni di questa Sezione 6, potremmo conservare i tuoi dati personali laddove tale conservazione sia necessaria per il rispetto di un obbligo legale a cui siamo soggetti, o al fine di proteggere i tuoi interessi vitali o gli interessi vitali di un\u2019altra persona fisica.<\/li><li><strong>I tuoi diritti<\/strong><br>6.1 In questa Sezione 6, abbiamo riassunto i diritti che hai in base alla legge sulla protezione dei dati. Alcuni dei diritti sono complessi e non tutti i dettagli sono stati inclusi nei nostri riepiloghi. Di conseguenza, \u00e8 necessario leggere le leggi e gli orientamenti pertinenti delle autorit\u00e0 di regolamentazione per una spiegazione completa di tali diritti.<br>6.2 I tuoi diritti principali ai sensi della legge sulla protezione dei dati sono:<br>(a) il diritto di accesso;<br>(b) il diritto alla rettifica;<br>(c) il diritto alla cancellazione;<br>(d) il diritto di limitare il trattamento;<br>(e) il diritto di opporsi al trattamento;<br>(f) il diritto alla portabilit\u00e0 dei dati;<br>(g) il diritto di presentare reclamo a un\u2019autorit\u00e0 di controllo; e<br>(h) il diritto di revocare il consenso.<br>6.3 Hai il diritto di confermare se trattiamo o meno i tuoi dati personali e, dove lo facciamo, l\u2019accesso ai dati personali, insieme ad alcune informazioni aggiuntive. Tali informazioni supplementari comprendono dettagli sulle finalit\u00e0 del trattamento, sulle categorie di dati personali interessati e sui destinatari dei dati personali. Fornendo i diritti e le libert\u00e0 di altri non sono interessati, ti forniremo una copia dei tuoi dati personali. La prima copia sar\u00e0 fornita gratuitamente, ma copie aggiuntive potrebbero essere soggette a una tariffa ragionevole.<br>6.4 Hai il diritto di far correggere eventuali dati personali inesatti su di te e, tenendo conto delle finalit\u00e0 del trattamento, di avere dati personali incompleti su di te completati.<br>6.5 In alcune circostanze hai il diritto alla cancellazione dei tuoi dati personali senza indebito ritardo. Tali circostanze includono: Tuttavia, ci sono esclusioni del diritto alla cancellazione.<br>6.6 In alcune circostanze hai il diritto di limitare il trattamento dei tuoi dati personali. Tali circostanze sono: contestate l\u2019accuratezza dei dati personali; l\u2019elaborazione \u00e8 illegale ma ti opponi alla cancellazione; non abbiamo pi\u00f9 bisogno dei dati personali per le finalit\u00e0 del nostro trattamento, ma richiediamo dati personali per l\u2019istituzione, l\u2019esercizio o la difesa di rivendicazioni legali; e avete contestato l\u2019elaborazione, in attesa della verifica di tale obiezione. Laddove il trattamento \u00e8 stato limitato su questa base, potremmo continuare a memorizzare i tuoi dati personali. Tuttavia, lo elaboreremo solo diversamente: con il tuo consenso; per l\u2019istituzione, l\u2019esercizio o la difesa di rivendicazioni legali; per la tutela dei diritti di un\u2019altra persona fisica o giuridica; o per motivi di importante interesse pubblico.<br>6.7 Hai il diritto di opporsi al trattamento dei tuoi dati personali per motivi relativi alla tua situazione particolare, ma solo nella misura in cui la base giuridica per il trattamento \u00e8 che il trattamento \u00e8 necessario per: l\u2019esecuzione di un compito svolto in l\u2019interesse pubblico o l\u2019esercizio di qualsiasi autorit\u00e0 ufficiale a noi attribuita; o le finalit\u00e0 degli interessi legittimi perseguiti da noi o da una terza parte. Se si fa tale obiezione, cesseremo di elaborare le informazioni personali a meno che non siamo in grado di dimostrare validi motivi legittimi per l\u2019elaborazione che prevalgono sui vostri interessi, diritti e libert\u00e0, o il trattamento \u00e8 per l\u2019istituzione, l\u2019esercizio o la difesa di rivendicazioni legali.<br>6.8 Hai il diritto di opporsi al trattamento dei tuoi dati personali per scopi di marketing diretto (inclusa la profilazione a fini di marketing diretto). Se si fa tale obiezione, cesseremo di elaborare i dati personali per questo scopo.<br>6.9 Hai il diritto di opporsi al trattamento dei tuoi dati personali per scopi di ricerca scientifica o storica o scopi statistici per motivi relativi alla tua situazione particolare, a meno che il trattamento non sia necessario per l\u2019esecuzione di un compito svolto per motivi di interesse pubblico.<br>6.10 Nella misura in cui la base legale per il trattamento dei dati personali \u00e8:<br>(A) consenso; o<br>(b) che il trattamento \u00e8 necessario per l\u2019esecuzione di un contratto di cui si \u00e8 parte o per prendere provvedimenti su richiesta prima di stipulare un contratto,<br>e tale elaborazione \u00e8 effettuata con mezzi automatizzati, avete il diritto di ricevere i vostri dati personali da noi in un formato strutturato, comunemente usato e leggibile da una macchina. Tuttavia, questo diritto non si applica in caso di pregiudizio per i diritti e le libert\u00e0 altrui.<br>6.11 Se ritenete che il nostro trattamento delle vostre informazioni personali violi le leggi sulla protezione dei dati, avete il diritto legale di sporgere denuncia presso un\u2019autorit\u00e0 di vigilanza responsabile della protezione dei dati. Puoi farlo nello stato membro dell\u2019UE della tua residenza abituale, del tuo luogo di lavoro o del luogo della presunta violazione.<br>6.12 Nella misura in cui la base legale per il trattamento dei dati personali \u00e8 il consenso, si ha il diritto di revocare tale consenso in qualsiasi momento. Il recesso non pregiudica la liceit\u00e0 del trattamento prima del ritiro.<br>6.13 Puoi esercitare qualsiasi dei tuoi diritti in relazione ai tuoi dati personali scrivici info @ diyhack .it.<\/li><li><strong>Modifiche<\/strong><br>7.1 Potremmo aggiornare questa politica di volta in volta pubblicando una nuova versione sul nostro sito web.<br>7.2 Dovresti controllare questa pagina di tanto in tanto per assicurarti di essere soddisfatto delle eventuali modifiche a questa politica.<br>7.3 Potremmo cambiare questa politica.<\/li><li><strong>Informazioni sui cookie<\/strong><br>8.1 Un cookie \u00e8 un file contenente un identificatore (una stringa di lettere e numeri) che viene inviato da un server Web a un browser Web e memorizzato dal browser. L\u2019identificatore viene quindi rispedito al server ogni volta che il browser richiede una pagina dal server.<br>8.2 I cookie possono essere cookie \u201cpersistenti\u201d o \u201cdi sessione\u201d: un cookie persistente verr\u00e0 memorizzato da un browser Web e rimarr\u00e0 valido fino alla data di scadenza impostata, a meno che non venga cancellato dall\u2019utente prima della data di scadenza; un cookie di sessione, invece, scadr\u00e0 alla fine della sessione utente, quando il browser web viene chiuso.<br>8.3 I cookie in genere non contengono alcuna informazione che identifica personalmente un utente, ma le informazioni personali che memorizziamo su di te potrebbero essere collegate alle informazioni memorizzate e ottenute dai cookie.<\/li><li><strong>Cookie che usiamo<\/strong><br>9.1 Utilizziamo i cookie per i seguenti scopi:<br>(a) utilizziamo i cookie per aiutarci a determinare se sei collegato al nostro sito Web;<br>(b) usiamo i cookie per la lingua;<br>(c) utilizziamo i cookie per aiutarci ad analizzare l\u2019uso e le prestazioni del nostro sito Web e dei servizi di analisi;<br>(d) utilizziamo i cookie per memorizzare le tue preferenze in relazione all\u2019uso dei cookie pi\u00f9 in generale.<\/li><li><strong>Cookie utilizzati dai nostri fornitori di servizi<\/strong><br>10.1 I nostri fornitori di servizi utilizzano i cookie e tali cookie possono essere memorizzati sul tuo computer quando visiti il nostro sito web.<br>10.2 Utilizziamo Google Analytics per analizzare l\u2019uso del nostro sito web. Google Analytics raccoglie informazioni sull\u2019utilizzo del sito Web tramite cookie. Le informazioni raccolte relative al nostro sito Web vengono utilizzate per creare report sull\u2019utilizzo del nostro sito Web. L\u2019informativa sulla privacy di Google \u00e8 disponibile all\u2019indirizzo: https:\/\/www.google.com\/policies\/privacy\/.<\/li><li><strong>Gestione dei cookie<\/strong><br>11.1 La maggior parte dei browser ti consente di rifiutare l\u2019accettazione dei cookie e di eliminare i cookie. I metodi per farlo variano da browser a browser e da versione a versione. \u00c8 tuttavia possibile ottenere informazioni aggiornate sul blocco e sull\u2019eliminazione dei cookie tramite questi collegamenti:<br>(a) https:\/\/support.google.com\/chrome\/answer\/95647?hl=it (Chrome);<br>(b) https:\/\/support.mozilla.org\/en-US\/kb\/enable-and-disable-cookies-website-preferences (Firefox);<br>(c) http:\/\/www.opera.com\/help\/tutorials\/security\/cookies\/ (Opera);<br>(d) https:\/\/support.microsoft.com\/en-gb\/help\/17442\/windows-internet-explorer-delete-manage-cookies (Internet Explorer);<br>(e) https:\/\/support.apple.com\/kb\/PH21411 (Safari); e<br>(f) https:\/\/privacy.microsoft.com\/en-us\/windows-10-microsoft-edge-and-privacy (Edge).<br>11.2 Il blocco di tutti i cookie avr\u00e0 un impatto negativo sull\u2019usabilit\u00e0 di molti siti Web.<br>11.3 Se blocchi i cookie, non sarai in grado di utilizzare tutte le funzionalit\u00e0 sul nostro sito web.<\/li><li><strong>I nostri dettagli<\/strong><br>12.1 Questo sito Web \u00e8 di propriet\u00e0 e gestito da Bruno Anselmo.<br>12.2 La nostra sede principale di attivit\u00e0 \u00e8 in Piazzale Martesana 4 Milano Cap 20128 Italia.<br>12.3 Puoi contattarci:<br>(a) per posta, a Piazzale Martesana 4 Milano Cap 20128 Italia;<br>(b) via e-mail, utilizzando info @ diyhack.it<\/li><\/ol>\n","protected":false},"excerpt":{"rendered":"<p>Privacy policy Introduzione1.1 Ci impegniamo a salvaguardare la privacy di tinfinity.it.1.2 La presente politica si applica laddove operiamo come responsabili del trattamento dei dati rispetto ai dati personali di www.tinfinity.it; in altre parole, dove determiniamo gli scopi e i mezzi del trattamento di tali dati personali.1.3 Utilizziamo i cookie sul nostro sito web. Nella misura &hellip;<\/p>\n<p class=\"read-more\"> <a class=\"\" href=\"https:\/\/tinfinity.it\/index.php\/privacy-italiano\/\"> <span class=\"screen-reader-text\">Privacy Italiano<\/span> Read More &raquo;<\/a><\/p>\n","protected":false},"author":1,"featured_media":0,"parent":0,"menu_order":0,"comment_status":"closed","ping_status":"closed","template":"","meta":{"site-sidebar-layout":"default","site-content-layout":"default","ast-main-header-display":"","ast-hfb-above-header-display":"","ast-hfb-below-header-display":"","ast-hfb-mobile-header-display":"","site-post-title":"","ast-breadcrumbs-content":"","ast-featured-img":"","footer-sml-layout":"","theme-transparent-header-meta":"","adv-header-id-meta":"","stick-header-meta":"","header-above-stick-meta":"","header-main-stick-meta":"","header-below-stick-meta":""},"_links":{"self":[{"href":"https:\/\/tinfinity.it\/index.php\/wp-json\/wp\/v2\/pages\/5502"}],"collection":[{"href":"https:\/\/tinfinity.it\/index.php\/wp-json\/wp\/v2\/pages"}],"about":[{"href":"https:\/\/tinfinity.it\/index.php\/wp-json\/wp\/v2\/types\/page"}],"author":[{"embeddable":true,"href":"https:\/\/tinfinity.it\/index.php\/wp-json\/wp\/v2\/users\/1"}],"replies":[{"embeddable":true,"href":"https:\/\/tinfinity.it\/index.php\/wp-json\/wp\/v2\/comments?post=5502"}],"version-history":[{"count":4,"href":"https:\/\/tinfinity.it\/index.php\/wp-json\/wp\/v2\/pages\/5502\/revisions"}],"predecessor-version":[{"id":5509,"href":"https:\/\/tinfinity.it\/index.php\/wp-json\/wp\/v2\/pages\/5502\/revisions\/5509"}],"wp:attachment":[{"href":"https:\/\/tinfinity.it\/index.php\/wp-json\/wp\/v2\/media?parent=5502"}],"curies":[{"name":"wp","href":"https:\/\/api.w.org\/{rel}","templated":true}]}}